{"id":1570,"date":"2025-05-20T13:49:02","date_gmt":"2025-05-20T19:49:02","guid":{"rendered":"https:\/\/zendggo.com\/?post_type=product&#038;p=1570"},"modified":"2025-05-22T06:11:42","modified_gmt":"2025-05-22T12:11:42","slug":"lampara-colgante-cilindrica-de-metal","status":"publish","type":"product","link":"https:\/\/zendggo.com\/index.php\/producto\/lampara-colgante-cilindrica-de-metal\/","title":{"rendered":"L\u00e1mpara colgante cil\u00edndrica de metal"},"content":{"rendered":"<p>CARACTER\u00cdSTICAS PRINCIPALES<\/p>\n<ul>\n<li>L\u00e1mpara colgante de hierro con forma de jaula cil\u00edndrica estilo reto industrial. Incluye bombillo led estilo vintage de bajo consumo.<\/li>\n<li>Dise\u00f1o creativo de color negro mate.<\/li>\n<li>Se puede utilizar tanto en interior como exterior, ya que no se oxida y resiste al paso del tiempo.<\/li>\n<li>Fuente de alimentaci\u00f3n AC de 110-240 voltios. Para usar con bombillos no mayores a 60W.<\/li>\n<li>Se adapta a todo tipo de ambientes, granjas, fincas, apartamentos, oficinas, restaurantes, etc.<\/li>\n<\/ul>\n","protected":false},"excerpt":{"rendered":"<p>L\u00e1mpara colgante de estilo industrial\u00a0 estructura o jaula de hierro negro y bombilla expuesta en el interior.<\/p>\n<p>Incluye bombillo led estilo vintage de bajo consumo.<\/p>\n<p>Tiempo de entrega: 2-3 d\u00edas h\u00e1biles.<\/p>\n","protected":false},"featured_media":1553,"template":"","meta":[],"product_brand":[],"product_cat":[67],"product_tag":[],"class_list":{"0":"post-1570","1":"product","2":"type-product","3":"status-publish","4":"has-post-thumbnail","6":"product_cat-lamparas","8":"first","9":"instock","10":"shipping-taxable","11":"purchasable","12":"product-type-simple"},"jetpack_sharing_enabled":true,"_links":{"self":[{"href":"https:\/\/zendggo.com\/index.php\/wp-json\/wp\/v2\/product\/1570","targetHints":{"allow":["GET"]}}],"collection":[{"href":"https:\/\/zendggo.com\/index.php\/wp-json\/wp\/v2\/product"}],"about":[{"href":"https:\/\/zendggo.com\/index.php\/wp-json\/wp\/v2\/types\/product"}],"wp:featuredmedia":[{"embeddable":true,"href":"https:\/\/zendggo.com\/index.php\/wp-json\/wp\/v2\/media\/1553"}],"wp:attachment":[{"href":"https:\/\/zendggo.com\/index.php\/wp-json\/wp\/v2\/media?parent=1570"}],"wp:term":[{"taxonomy":"product_brand","embeddable":true,"href":"https:\/\/zendggo.com\/index.php\/wp-json\/wp\/v2\/product_brand?post=1570"},{"taxonomy":"product_cat","embeddable":true,"href":"https:\/\/zendggo.com\/index.php\/wp-json\/wp\/v2\/product_cat?post=1570"},{"taxonomy":"product_tag","embeddable":true,"href":"https:\/\/zendggo.com\/index.php\/wp-json\/wp\/v2\/product_tag?post=1570"}],"curies":[{"name":"wp","href":"https:\/\/api.w.org\/{rel}","templated":true}]}}