{"id":1560,"date":"2025-05-20T13:14:58","date_gmt":"2025-05-20T19:14:58","guid":{"rendered":"https:\/\/zendggo.com\/?post_type=product&#038;p=1560"},"modified":"2025-05-21T19:49:32","modified_gmt":"2025-05-22T01:49:32","slug":"lampara-colgante-con-copa-de-vidrio","status":"publish","type":"product","link":"https:\/\/zendggo.com\/index.php\/producto\/lampara-colgante-con-copa-de-vidrio\/","title":{"rendered":"L\u00e1mpara colgante con copa de vidrio"},"content":{"rendered":"<p>CARACTER\u00cdSTICAS PRINCIPALES<\/p>\n<ul class=\"a-unordered-list a-vertical a-spacing-mini\">\n<li class=\"a-spacing-mini\">L\u00e1mpara colgante con campana de vidrio.\u00a0 (Se entrega con bombillo\u00a0 led tipo Vintage de bajo consumo).<\/li>\n<li class=\"a-spacing-mini\"><span class=\"a-list-item\">Dise\u00f1o simple con pantalla ahumada de vidrio que ayuda a dar un ambiente c\u00e1lido y rom\u00e1ntico a tus espacios.<\/span><\/li>\n<li class=\"a-spacing-mini\"><span class=\"a-list-item\"> Esta l\u00e1mpara colgante est\u00e1 hecha de materiales de alta calidad con base de montaje de lat\u00f3n pulido resistente y antioxidante y accesorios de metal. <\/span><\/li>\n<li class=\"a-spacing-mini\"><span class=\"a-list-item\"> Este dise\u00f1o es perfecto para la mayor\u00eda de lugares interiores, como cocina, comedor, balc\u00f3n, escalera, pasillo, sala de estar, dormitorio, pasillo, club, restaurante, bar, cafeter\u00eda, etc. <\/span><\/li>\n<\/ul>\n","protected":false},"excerpt":{"rendered":"<p>L\u00e1mpara colgante con campana de vidrio ahumado para crear ambientes c\u00e1lidos y rom\u00e1nticos.<\/p>\n<p>Incluye bombillo led (de bajo consumo) tipo vintage.<\/p>\n<p>&nbsp;<\/p>\n<p>&nbsp;<\/p>\n<p>&nbsp;<\/p>\n","protected":false},"featured_media":1663,"template":"","meta":[],"product_brand":[],"product_cat":[67],"product_tag":[],"class_list":{"0":"post-1560","1":"product","2":"type-product","3":"status-publish","4":"has-post-thumbnail","6":"product_cat-lamparas","8":"first","9":"instock","10":"shipping-taxable","11":"purchasable","12":"product-type-simple"},"jetpack_sharing_enabled":true,"_links":{"self":[{"href":"https:\/\/zendggo.com\/index.php\/wp-json\/wp\/v2\/product\/1560","targetHints":{"allow":["GET"]}}],"collection":[{"href":"https:\/\/zendggo.com\/index.php\/wp-json\/wp\/v2\/product"}],"about":[{"href":"https:\/\/zendggo.com\/index.php\/wp-json\/wp\/v2\/types\/product"}],"wp:featuredmedia":[{"embeddable":true,"href":"https:\/\/zendggo.com\/index.php\/wp-json\/wp\/v2\/media\/1663"}],"wp:attachment":[{"href":"https:\/\/zendggo.com\/index.php\/wp-json\/wp\/v2\/media?parent=1560"}],"wp:term":[{"taxonomy":"product_brand","embeddable":true,"href":"https:\/\/zendggo.com\/index.php\/wp-json\/wp\/v2\/product_brand?post=1560"},{"taxonomy":"product_cat","embeddable":true,"href":"https:\/\/zendggo.com\/index.php\/wp-json\/wp\/v2\/product_cat?post=1560"},{"taxonomy":"product_tag","embeddable":true,"href":"https:\/\/zendggo.com\/index.php\/wp-json\/wp\/v2\/product_tag?post=1560"}],"curies":[{"name":"wp","href":"https:\/\/api.w.org\/{rel}","templated":true}]}}