{"id":1380,"date":"2022-04-28T13:45:43","date_gmt":"2022-04-28T13:45:43","guid":{"rendered":"https:\/\/startersites.io\/blocksy\/gadgets\/?page_id=3"},"modified":"2025-05-26T10:54:36","modified_gmt":"2025-05-26T16:54:36","slug":"privacy-policy","status":"publish","type":"page","link":"https:\/\/zendggo.com\/index.php\/privacy-policy\/","title":{"rendered":"Pol\u00edtica de Privacidad"},"content":{"rendered":"\n<p>En Zendggo, respetamos tu privacidad y protegemos los datos personales que nos compartes. Esta pol\u00edtica explica c\u00f3mo recopilamos, usamos y cuidamos tu informaci\u00f3n cuando navegas en nuestro sitio web o realizas una compra.<\/p>\n\n\n\n<h4 class=\"wp-block-heading\">1. <strong>Informaci\u00f3n que recopilamos<\/strong><\/h4>\n\n\n\n<p>Cuando realizas una compra a trav\u00e9s de nuestro sitio, podemos solicitar datos como tu nombre, correo electr\u00f3nico, direcci\u00f3n de env\u00edo, n\u00famero de tel\u00e9fono y detalles de pago. Tambi\u00e9n recopilamos datos de navegaci\u00f3n (como cookies) para mejorar tu experiencia.<\/p>\n\n\n\n<h4 class=\"wp-block-heading\">2. <strong>Uso de la informaci\u00f3n<\/strong><\/h4>\n\n\n\n<p>Utilizamos tu informaci\u00f3n para:<\/p>\n\n\n\n<ul class=\"wp-block-list\">\n<li>Procesar tus pedidos y enviarlos correctamente.<\/li>\n\n\n\n<li>Comunicarnos con tu persona sobre tus compras o consultas.<\/li>\n\n\n\n<li>Mejorar nuestro sitio web y servicios.<\/li>\n\n\n\n<li>Enviarte promociones o novedades, si as\u00ed lo autorizas.<\/li>\n<\/ul>\n\n\n\n<h4 class=\"wp-block-heading\">3. <strong>Protecci\u00f3n de tus datos<\/strong><\/h4>\n\n\n\n<p>Tu informaci\u00f3n est\u00e1 segura con nosotros. Aplicamos medidas de seguridad f\u00edsicas, electr\u00f3nicas y administrativas para evitar accesos no autorizados. Adem\u00e1s, trabajamos con plataformas de pago confiables que encriptan tus datos.<\/p>\n\n\n\n<h4 class=\"wp-block-heading\">4. <strong>Compartir informaci\u00f3n con terceros<\/strong><\/h4>\n\n\n\n<p>No vendemos ni compartimos tus datos personales con terceros, salvo cuando sea necesario para procesar tus pedidos (por ejemplo, empresas de env\u00edo o plataformas de pago), o si la ley lo requiere.<\/p>\n\n\n\n<h4 class=\"wp-block-heading\">5. <strong>Tus derechos<\/strong><\/h4>\n\n\n\n<p>Puedes solicitar el acceso, correcci\u00f3n o eliminaci\u00f3n de tus datos personales en cualquier momento. Solo tienes que escribirnos a<a> <\/a>zendggo@gmail.com<\/p>\n\n\n\n<h4 class=\"wp-block-heading\">6. <strong>Cambios en esta pol\u00edtica<\/strong><\/h4>\n\n\n\n<p>Nos reservamos el derecho de actualizar esta pol\u00edtica en cualquier momento. Cualquier cambio ser\u00e1 publicado aqu\u00ed, por lo que te recomendamos revisarla de vez en cuando.<\/p>\n","protected":false},"excerpt":{"rendered":"<p>En Zendggo, respetamos tu privacidad y protegemos los datos personales que nos compartes. Esta pol\u00edtica explica c\u00f3mo recopilamos, usamos y cuidamos tu informaci\u00f3n cuando navegas en nuestro sitio web o realizas una compra. 1. Informaci\u00f3n que recopilamos Cuando realizas una compra a trav\u00e9s de nuestro sitio, podemos solicitar datos como tu nombre, correo electr\u00f3nico, direcci\u00f3n [&hellip;]<\/p>\n","protected":false},"author":1,"featured_media":0,"parent":0,"menu_order":0,"comment_status":"closed","ping_status":"closed","template":"","meta":{"footnotes":""},"class_list":["post-1380","page","type-page","status-publish","hentry"],"blocksy_meta":[],"jetpack_sharing_enabled":true,"_links":{"self":[{"href":"https:\/\/zendggo.com\/index.php\/wp-json\/wp\/v2\/pages\/1380","targetHints":{"allow":["GET"]}}],"collection":[{"href":"https:\/\/zendggo.com\/index.php\/wp-json\/wp\/v2\/pages"}],"about":[{"href":"https:\/\/zendggo.com\/index.php\/wp-json\/wp\/v2\/types\/page"}],"author":[{"embeddable":true,"href":"https:\/\/zendggo.com\/index.php\/wp-json\/wp\/v2\/users\/1"}],"replies":[{"embeddable":true,"href":"https:\/\/zendggo.com\/index.php\/wp-json\/wp\/v2\/comments?post=1380"}],"version-history":[{"count":3,"href":"https:\/\/zendggo.com\/index.php\/wp-json\/wp\/v2\/pages\/1380\/revisions"}],"predecessor-version":[{"id":1705,"href":"https:\/\/zendggo.com\/index.php\/wp-json\/wp\/v2\/pages\/1380\/revisions\/1705"}],"wp:attachment":[{"href":"https:\/\/zendggo.com\/index.php\/wp-json\/wp\/v2\/media?parent=1380"}],"curies":[{"name":"wp","href":"https:\/\/api.w.org\/{rel}","templated":true}]}}